{"id":1129,"date":"2016-05-24T18:49:15","date_gmt":"2016-05-24T18:49:15","guid":{"rendered":"http:\/\/comites.lu\/web\/?page_id=1129"},"modified":"2025-12-15T11:11:18","modified_gmt":"2025-12-15T11:11:18","slug":"il-com-it-es-di-lussemburgo","status":"publish","type":"page","link":"https:\/\/comites.lu\/web\/il-com-it-es-di-lussemburgo\/","title":{"rendered":"Il Com.it.Es di Lussemburgo"},"content":{"rendered":"<h2>Comites: cosa sono?<\/h2>\n<p>Istituiti per la prima volta nel 1985, i Comites (Comitati degli Italiani all\u2019Estero) sono organismi rappresentativi della collettivit\u00e0 italiana, eletti direttamente dai connazionali residenti all&#8217;estero in ciascuna circoscrizione consolare ove risiedono almeno tremila connazionali iscritti nell\u2019elenco aggiornato di cui all\u2019art. 5, comma 1, della Legge 459\/2001.<\/p>\n<p>In circoscrizioni ove risiedono meno di tremila cittadini italiani i Comitati possono essere nominati dall&#8217;Autorit\u00e0 diplomatico-consolare.<\/p>\n<p>I Comites sono composti da 12 membri o da 18 membri, a seconda che vengano eletti in Circoscrizioni consolari con un numero inferiore o superiore a 100 mila connazionali residenti, quali essi risultano dall&#8217;elenco aggiornato dei cittadini italiani residenti all\u2019estero. Oltre ai membri eletti di cittadinanza italiana, possono far parte del Comitato, per cooptazione, cittadini stranieri di origine italiana in misura non eccedente un terzo dei componenti il Comitato eletto (4 o 6 componenti).<\/p>\n<p>Ai sensi dell&#8217;art. 1, co. 2 della Legge 286\/2003, i Comites sono organi di rappresentanza degli italiani all&#8217;estero nei rapporti con le rappresentanze diplomatico-consolari.<\/p>\n<p>Anche attraverso studi e ricerche, essi contribuiscono ad individuare le esigenze di sviluppo sociale, culturale e civile della comunit\u00e0 di riferimento; promuovono, in collaborazione con l&#8217;autorit\u00e0 consolare, con le regioni e con le autonomie locali, nonch\u00e9 con enti, associazioni e comitati operanti nell&#8217;ambito della circoscrizione consolare, opportune iniziative nelle materie attinenti alla vita sociale e culturale, con particolare riguardo alla partecipazione dei giovani, alle pari opportunit\u00e0, all&#8217;assistenza sociale e scolastica, alla formazione professionale, al settore ricreativo, allo sport e al tempo libero.<\/p>\n<p>I Comitati sono altres\u00ec chiamati a cooperare con l&#8217;Autorit\u00e0 consolare nella tutela dei diritti e degli interessi dei cittadini italiani residenti nella circoscrizione consolare.<\/p>\n<p>I Com.it.es, previa intesa con le Autorit\u00e0 consolari, possono rappresentare le istanze della collettivit\u00e0 italiana residente nella circoscrizione alle Autorit\u00e0 e alle Istituzioni locali.<\/p>\n<h2>Che cos\u2019\u00e8 il Consiglio Generale degli Italiani all\u2019Estero (CGIE)<\/h2>\n<p>Il Consiglio Generale degli Italiani all&#8217;Estero (C.G.I.E.), istituito con Legge 6 novembre 1989 n. 368 &#8211; modificata dalla Legge 18 giugno 1998, n. 198, disciplinato dal regolamento attuativo di cui al D.P.R. 14 settembre 1998, n. 329 e nuovamente modificato dalla Legge 23 giugno 2014 n.89 &#8211; \u00e8 organismo di consulenza del Governo e del Parlamento sui grandi temi che interessano le comunit\u00e0 all&#8217;estero.<\/p>\n<p>Esso deriva la sua legittimit\u00e0 rappresentativa dall&#8217;elezione diretta da parte dei componenti dei Comites nel mondo e rappresenta un importante passo nel processo di sviluppo della &#8220;partecipazione&#8221; attiva alla vita politica del paese da parte delle collettivit\u00e0 italiane nel mondo e allo stesso tempo costituisce l&#8217;organismo essenziale per il loro collegamento permanente con l&#8217;Italia e le sue istituzioni. Il Ministro degli Affari Esteri ne \u00e8 il Presidente. Il capo della Segreteria Esecutiva \u00e8 il Consigliere d&#8217;Ambasciata Fabrizio Inserra.<\/p>\n<p>Il Consiglio si compone di 63 Consiglieri, di cui 43 eletti direttamente all&#8217;estero e 20 di nomina governativa. Il CGIE si articola in: Comitato di Presidenza (composto dal Segretario Generale, da quattro Vice Segretari Generali e da quattro rappresentanti delle varie aree), 8 Commissioni Tematiche, 3 Commissioni Continentali, la Commissione di nomina Governativa, i Gruppi di Lavoro e l&#8217;Assemblea Plenaria.<\/p>\n<p>A seguito delle consultazioni elettorali svolte il 26 e 27 settembre 2015 l\u2019organismo \u00e8 stato completamente rinnovato e il decreto del Presidente del Consiglio dei Ministri del 7 gennaio 2016\u00a0 ha completato il Plenum della nuova Consiliatura.<\/p>\n<p>Sito ufficiale del CGIE: <a href=\"http:\/\/www.sitocgie.com\" target=\"_blank\" rel=\"noopener noreferrer\">www.sitocgie.com<\/a><\/p>\n","protected":false},"excerpt":{"rendered":"<p>Comites: cosa sono? Istituiti per la prima volta nel 1985, i Comites (Comitati degli Italiani all\u2019Estero) sono organismi rappresentativi della collettivit\u00e0 italiana, eletti direttamente dai connazionali residenti all&#8217;estero in ciascuna circoscrizione consolare ove risiedono almeno tremila connazionali iscritti nell\u2019elenco aggiornato di cui all\u2019art. 5, comma 1, della Legge 459\/2001. In circoscrizioni ove risiedono meno di <a class=\"more-link\" href=\"https:\/\/comites.lu\/web\/il-com-it-es-di-lussemburgo\/\">&#8230;<\/a><\/p>\n","protected":false},"author":2,"featured_media":1882,"parent":0,"menu_order":0,"comment_status":"closed","ping_status":"closed","template":"template-page-full-columned.php","meta":{"ngg_post_thumbnail":0,"footnotes":""},"_links":{"self":[{"href":"https:\/\/comites.lu\/web\/wp-json\/wp\/v2\/pages\/1129"}],"collection":[{"href":"https:\/\/comites.lu\/web\/wp-json\/wp\/v2\/pages"}],"about":[{"href":"https:\/\/comites.lu\/web\/wp-json\/wp\/v2\/types\/page"}],"author":[{"embeddable":true,"href":"https:\/\/comites.lu\/web\/wp-json\/wp\/v2\/users\/2"}],"replies":[{"embeddable":true,"href":"https:\/\/comites.lu\/web\/wp-json\/wp\/v2\/comments?post=1129"}],"version-history":[{"count":6,"href":"https:\/\/comites.lu\/web\/wp-json\/wp\/v2\/pages\/1129\/revisions"}],"predecessor-version":[{"id":5528,"href":"https:\/\/comites.lu\/web\/wp-json\/wp\/v2\/pages\/1129\/revisions\/5528"}],"wp:featuredmedia":[{"embeddable":true,"href":"https:\/\/comites.lu\/web\/wp-json\/wp\/v2\/media\/1882"}],"wp:attachment":[{"href":"https:\/\/comites.lu\/web\/wp-json\/wp\/v2\/media?parent=1129"}],"curies":[{"name":"wp","href":"https:\/\/api.w.org\/{rel}","templated":true}]}}