{"id":1913,"date":"2017-03-14T16:12:31","date_gmt":"2017-03-14T16:12:31","guid":{"rendered":"http:\/\/comites.lu\/web\/?page_id=1913"},"modified":"2017-06-29T06:52:06","modified_gmt":"2017-06-29T06:52:06","slug":"trasporti-pubblici","status":"publish","type":"page","link":"https:\/\/comites.lu\/web\/trasporti-pubblici\/","title":{"rendered":"Trasporti pubblici"},"content":{"rendered":"<h2>Trasporto aereo<\/h2>\n<p><strong>A\u00e9roport international de Luxembourg-Findel<\/strong><br \/>\nA\u00e9roport de Luxembourg Lux-airport<br \/>\nL-2987 Luxembourg (Findel)<br \/>\n<a href=\"http:\/\/www.lux-airport.lu\/\" target=\"_blank\">www.lux-airport.lu<\/a><br \/>\n<strong>Flughafen Frankfurt-Hahn<\/strong><br \/>\nHahn-Flughafen, D-55483<br \/>\nGermania<br \/>\n<a href=\"http:\/\/www.hahn-airport.de\/default.aspx?cc=en\" target=\"_blank\">www.hahn-airport.de<\/a><br \/>\n<strong>Brussels South Charleroi Airport<\/strong><br \/>\nrue des Fr\u00e8res Wright 8<br \/>\nB-6041 Charleroi<br \/>\nBelgio<br \/>\n<a href=\"http:\/\/www.charleroi-airport.com\/\" target=\"_blank\">www.charleroi-airport.com<\/a><\/p>\n<p><strong>Autobus per Frankfurt-Hann e Charleroi<\/strong><br \/>\n<a href=\"https:\/\/www.flibco.com\/it#\/booking\" target=\"_blank\">www.flibco.com\/it<\/a><\/p>\n<h2><\/h2>\n<h2>Trasporto ferroviario internazionale<\/h2>\n<p><strong>Chemins de Fer luxembourgeois &#8211; Billets internationaux<\/strong><br \/>\n<a href=\"http:\/\/www.cfl.lu\/espaces\/voyageurs\/fr\/billets-et-abonnements\/billets-internationaux\" target=\"_blank\">www.cfl.lu<\/a><\/p>\n<p><strong>Tgv Luxembourg-Parigi<\/strong><br \/>\n<a href=\"http:\/\/tgv.lu.voyages-sncf.com\" target=\"_blank\">tgv.lu.voyages-sncf.com\/fr\/tgv-luxembourg-paris<\/a><\/p>\n<h2><\/h2>\n<h2>Trasporti pubblici nel Granducato<\/h2>\n<p><strong>Guichets d&#8217;information<br \/>\n<\/strong><a href=\"http:\/\/www.mobiliteit.lu\/\" target=\"_blank\">Mobiliteit.lu<\/a><\/p>\n<p><strong>Gare de Luxembourg<\/strong><br \/>\nLu-Ve: 7.00-20.00<br \/>\nSa-Do e festivi : 8.00-20.00<\/p>\n<p><strong>Gare de Belval-Universit\u00e9<\/strong><br \/>\nLu-Ve: 7.00-19.00<\/p>\n<h2><\/h2>\n<h2>Biciclette in libero servizio<\/h2>\n<p><strong>Luxembourg<\/strong><br \/>\n<strong>Vel\u2019oh<\/strong><br \/>\nJCDECAUX,<br \/>\n2-8 rue Julien Vesque<br \/>\nL-2668 Luxembourg<br \/>\n(+352) 800 611 00<br \/>\n(+352) 27 888 746<br \/>\n<a href=\"http:\/\/www.veloh.lu\" target=\"_blank\">www.veloh.lu<\/a><\/p>\n<p><strong>Differdange, Bettembourg, Dudelange, Rumelange, Schifflange, Kayl, Esch\/Alzette, Sanem<\/strong><br \/>\n<strong>Vel\u2019OK<\/strong><br \/>\nCIGL Esch-sur-Alzette<br \/>\n32a, rue Z\u00e9non Bernard<br \/>\nL-4031 Esch-sur-Alzette<br \/>\n(+352) 800 624 56<br \/>\n(+352) 54 42 45 200<br \/>\n<a href=\"http:\/\/www.velok.lu\" target=\"_blank\">www.velok.lu<\/a><\/p>\n<p><strong>Piste ciclabili in Lussemburgo e nella Grande regione<br \/>\n<\/strong><a href=\"http:\/\/www.pch.public.lu\/fr\/pistes-cyclables\/index.html\" target=\"_blank\">www.pch.public.lu<\/a><br \/>\n<a href=\"http:\/\/velo-sans-frontieres.eu\/index.php\/en\/\">http:\/\/velo-sans-frontieres.eu<\/a><\/p>\n<h2><\/h2>\n<h2>Autobus notturni<\/h2>\n<p><a href=\"http:\/\/www.mobiliteit.lu\/se-deplacer\/horaires-et-reseaux\/nightbus\">http:\/\/www.mobiliteit.lu<br \/>\n<\/a><a href=\"http:\/\/www.nightrider.lu\/\" target=\"_blank\">www.nightrider.lu<\/a><\/p>\n<h2>Autobus a chiamata<\/h2>\n<p><strong>S.L.A. s.a.<\/strong><br \/>\nZAE Robert Steichen<br \/>\n4, rue Laangwiss<br \/>\nL-4940 Bascharage<br \/>\n(+352) 8002 20 20<br \/>\nzentrale@flexibus.lu<br \/>\n(+352) 2 36 26 \u2013 1<br \/>\n<a href=\"http:\/\/www.flexibus.lu\" target=\"_blank\">www.flexibus.lu<\/a><\/p>\n<p>&nbsp;<\/p>\n<h2>Taxi<\/h2>\n<p><a href=\"http:\/\/www.vdl.lu\/Mobilit%C3%A9\/Taxi.html\">http:\/\/www.vdl.lu<\/a><\/p>\n<p><strong>Taxis Colux S.\u00e0r.l.<\/strong><br \/>\n24, Dernier sol<br \/>\nL-2543 Luxembourg<br \/>\n(+352) 48 22 33<br \/>\n<a href=\"http:\/\/www.colux.lu\/\" target=\"_blank\">http:\/\/www.colux.lu\/<\/a><\/p>\n<p><strong>Web Taxi<\/strong><br \/>\n218, route d&#8217;Esch<br \/>\nL- 1471 Luxembourg<br \/>\n(+352) 27515<br \/>\ninfo@webtaxi.lu<br \/>\n<a href=\"http:\/\/www.webtaxi.lu\" target=\"_blank\">www.webtaxi.lu<\/a><\/p>\n<p><strong>City Taxis Centrale<\/strong><br \/>\n109 rue des Maraichers<br \/>\nL-2124 Luxembourg<br \/>\n(+352) 48 00 58<br \/>\n<a href=\"http:\/\/www.citytaxis.lu\" target=\"_blank\">www.citytaxis.lu<\/a><\/p>\n<h2><\/h2>\n<h2>La patente di guida<\/h2>\n<p><strong>Soci\u00e9t\u00e9 nationale de circulation automobile (SNCA)<\/strong><br \/>\n<strong>Service des permis de conduire<\/strong><br \/>\n11, rue de Luxembourg<br \/>\nL-5230 &#8211; Sandweiler<br \/>\nAdresse Postale B.P. 23 &#8211; L-5201<br \/>\nGrand-Duch\u00e9 de Luxembourg<br \/>\n(+352) 35 72 14 &#8211; 720<br \/>\n<a href=\"mailto:info@snca.lu\">info@snca.lu<\/a><br \/>\n<a href=\"http:\/\/www.snca.lu\/\" target=\"_blank\">www.snca.lu<\/a><\/p>\n<h2>Auto\/Motoveicoli con targa italiana<\/h2>\n<p><strong>Soci\u00e9t\u00e9 nationale de circulation automobile<\/strong><br \/>\n<strong>Attribution des num\u00e9ros d\u2019immatriculation<\/strong><br \/>\n11, route de Luxembourg<br \/>\nL-5230 &#8211; Sandweiler<br \/>\n(+352) 35 72 14 -237<br \/>\n<a href=\"mailto:nplaques@snca.lu\">nplaques@snca.lu<\/a><\/p>\n<h2><\/h2>\n<h2>contr\u00f4le technique<\/h2>\n<p><strong>Soci\u00e9t\u00e9 nationale de contr\u00f4le technique<\/strong><br \/>\n<a href=\"http:\/\/www.snct.lu\" target=\"_blank\">www.snct.lu<\/a><\/p>\n<p><strong>Station de contr\u00f4le technique Wilwerwiltz<\/strong><br \/>\n1, route de Pintsch<br \/>\nL-9776 Wilwerwiltz<br \/>\nRendez-vous pour un contr\u00f4le technique : (+352) 35 72 14 \u2013 222<\/p>\n<p><strong>Annexe de la station de Wilwerwiltz situ\u00e9e \u00e0 Bissen<\/strong><br \/>\n4, Z.A.C Klengbousbierg &#8211; L-7795 Bissen<br \/>\nAdresse postale : SNCT &#8211; BP 23 &#8211; L-5201 Sandweiler<\/p>\n<p><strong>Station de contr\u00f4le technique Sandweiler<\/strong><br \/>\n11, rue de Luxembourg<br \/>\nL-5230 Sandweiler<br \/>\nRendez-vous pour un contr\u00f4le technique : (+352) 35 72 14 &#8211; 222<\/p>\n<p><strong>Station de contr\u00f4le technique Esch-sur-Alzette<\/strong><br \/>\n22-28 rue Jos Kieffer<br \/>\nL-4176 Esch-sur-Alzette<br \/>\nRendez-vous pour un contr\u00f4le technique : (+352) 35 72 14 \u2013 222<\/p>\n<h2>Acquisto di un veicolo nuovo o usato all\u2019estero<\/h2>\n<p>Administration des douanes et accises<br \/>\n22, rue de Bitbourg<br \/>\nL-1273 Luxembourg<br \/>\n(+352) 28 18 28 18<br \/>\n<a href=\"mailto:douanes@do.etat.lu\">douanes@do.etat.lu<\/a><\/p>\n","protected":false},"excerpt":{"rendered":"<p>Trasporto aereo A\u00e9roport international de Luxembourg-Findel A\u00e9roport de Luxembourg Lux-airport L-2987 Luxembourg (Findel) www.lux-airport.lu Flughafen Frankfurt-Hahn Hahn-Flughafen, D-55483 Germania www.hahn-airport.de Brussels South Charleroi Airport rue des Fr\u00e8res Wright 8 B-6041 Charleroi Belgio www.charleroi-airport.com Autobus per Frankfurt-Hann e Charleroi www.flibco.com\/it Trasporto ferroviario internazionale Chemins de Fer luxembourgeois &#8211; Billets internationaux www.cfl.lu Tgv Luxembourg-Parigi tgv.lu.voyages-sncf.com\/fr\/tgv-luxembourg-paris Trasporti pubblici <a class=\"more-link\" href=\"https:\/\/comites.lu\/web\/trasporti-pubblici\/\">&#8230;<\/a><\/p>\n","protected":false},"author":2,"featured_media":0,"parent":0,"menu_order":0,"comment_status":"closed","ping_status":"closed","template":"template-page-sidebar-right-header.php","meta":{"ngg_post_thumbnail":0,"footnotes":""},"_links":{"self":[{"href":"https:\/\/comites.lu\/web\/wp-json\/wp\/v2\/pages\/1913"}],"collection":[{"href":"https:\/\/comites.lu\/web\/wp-json\/wp\/v2\/pages"}],"about":[{"href":"https:\/\/comites.lu\/web\/wp-json\/wp\/v2\/types\/page"}],"author":[{"embeddable":true,"href":"https:\/\/comites.lu\/web\/wp-json\/wp\/v2\/users\/2"}],"replies":[{"embeddable":true,"href":"https:\/\/comites.lu\/web\/wp-json\/wp\/v2\/comments?post=1913"}],"version-history":[{"count":7,"href":"https:\/\/comites.lu\/web\/wp-json\/wp\/v2\/pages\/1913\/revisions"}],"predecessor-version":[{"id":1953,"href":"https:\/\/comites.lu\/web\/wp-json\/wp\/v2\/pages\/1913\/revisions\/1953"}],"wp:attachment":[{"href":"https:\/\/comites.lu\/web\/wp-json\/wp\/v2\/media?parent=1913"}],"curies":[{"name":"wp","href":"https:\/\/api.w.org\/{rel}","templated":true}]}}