{"id":1918,"date":"2017-03-14T16:19:36","date_gmt":"2017-03-14T16:19:36","guid":{"rendered":"http:\/\/comites.lu\/web\/?page_id=1918"},"modified":"2025-12-15T12:42:25","modified_gmt":"2025-12-15T12:42:25","slug":"cultura","status":"publish","type":"page","link":"https:\/\/comites.lu\/web\/cultura\/","title":{"rendered":"Riferimenti Culturali"},"content":{"rendered":"<p><strong>Portale ufficiale del Granducato<\/strong><br \/>\n<a href=\"http:\/\/www.luxembourg.public.lu\/fr\/le-grand-duche-se-presente\/culture\/index.html\" target=\"_blank\" rel=\"noopener\">www.luxembourg.public.lu<\/a><\/p>\n<p><strong>Music:LX as.b.l.<br \/>\n<\/strong><a href=\"http:\/\/www.musiclx.lu\/\" target=\"_blank\" rel=\"noopener\">www.musiclx.lu<\/a><\/p>\n<p><strong>Culture.lu<br \/>\n<\/strong><a href=\"http:\/\/www.culture.lu\" target=\"_blank\" rel=\"noopener\">www.culture.lu<\/a><\/p>\n<h2>Kulturpass<\/h2>\n<p><strong>Cultur\u2019All &#8211; Kulturpass<\/strong><br \/>\n10, rue Tony Bourg<br \/>\nL-2014 Luxembourg<br \/>\n(+352) 621 43 06 02<br \/>\n<a href=\"mailto:info@culturall.lu\">info@culturall.lu<\/a><br \/>\n<a href=\"http:\/\/www.culturall.lu\" target=\"_blank\" rel=\"noopener\">www.culturall.lu<\/a><\/p>\n<h2>Principali teatri pubblici e privati<\/h2>\n<p><strong>Grand Th\u00e9\u00e2tre<\/strong><br \/>\n1, Rond Point Schuman<br \/>\nL-2525 Luxembourg<br \/>\n(+352) 47 96 39 00<br \/>\n<a href=\"http:\/\/www.theatres.lu\" target=\"_blank\" rel=\"noopener\">www.theatres.lu<\/a><\/p>\n<p><strong>Th\u00e9\u00e2tre des Capucins<\/strong><br \/>\n9, place du Th\u00e9\u00e2tre<br \/>\nL-2613 Luxembourg<br \/>\n(+352) 47 96 39 00<br \/>\n<a href=\"http:\/\/www.theatres.lu\" target=\"_blank\" rel=\"noopener\">www.theatres.lu<\/a><\/p>\n<p><strong>Th\u00e9\u00e2tre municipal d\u2019Esch\/Alzette<\/strong><br \/>\n122, rue de l&#8217;Alzette<br \/>\nL-4010 Esch\/Alzette<br \/>\n(+352) 54 03 87<br \/>\n(+352) 54 09 16<br \/>\n<a href=\"http:\/\/www.esch.lu\/culture\" target=\"_blank\" rel=\"noopener\">www.esch.lu\/culture<\/a><\/p>\n<p><strong>Kasemattentheater<\/strong><br \/>\n14, rue du Puits<br \/>\nL-2355 Luxembourg-Bonnevoie<br \/>\n(+352) 291 281<br \/>\n<a href=\"http:\/\/www.kasemattentheater.lu\" target=\"_blank\" rel=\"noopener\">www.kasemattentheater.lu<\/a><\/p>\n<p><strong>Th\u00e9\u00e2tre du Centaure<\/strong><br \/>\n4, Grand-Rue<br \/>\nL-1660 Luxembourg<br \/>\n(+352) 22 28 28<br \/>\n<a href=\"http:\/\/www.theatrecentaure.lu\" target=\"_blank\" rel=\"noopener\">www.theatrecentaure.lu<\/a><\/p>\n<p><strong>Th\u00e9\u00e2tre National du Luxembourg (TNL)<\/strong><br \/>\n194, route de Longwy<br \/>\nL-1940 Luxembourg<br \/>\n(+352) 26 44 12 70<br \/>\n<a href=\"http:\/\/www.tnl.lu\" target=\"_blank\" rel=\"noopener\">www.tnl.lu<\/a><\/p>\n<p><strong>Th\u00e9\u00e2tre Ouvert Luxembourg (TOL)<\/strong><br \/>\n143, route de Thionville<br \/>\nL-2611 Luxembourg-Bonnevoie<br \/>\n(+352) 49 31 66<br \/>\n<a href=\"http:\/\/www.tol.lu\" target=\"_blank\" rel=\"noopener\">www.tol.lu<\/a><br \/>\nCentri culturali<br \/>\nKulturfabrik<br \/>\n116, rue de Luxembourg<br \/>\nL-4221 Esch\/Alzette<br \/>\n(+352) 55 44 931<br \/>\n<a href=\"http:\/\/www.kulturfabrik.lu\" target=\"_blank\" rel=\"noopener\">www.kulturfabrik.lu<\/a><\/p>\n<p><strong>CAPE &#8211; Centre des Arts Pluriels Ettelbruck<\/strong><br \/>\n1, Place Marie-Ad\u00e9la\u00efde<br \/>\nL-9063 Ettelbruck<br \/>\n(+352) 2681 211<br \/>\n<a href=\"http:\/\/www.cape.lu\" target=\"_blank\" rel=\"noopener\">www.cape.lu<\/a><\/p>\n<p><strong>Cube 521<\/strong><br \/>\n1-3, Driicht<br \/>\nL-9764 Marnach<br \/>\n(+352) 521 521<br \/>\n<a href=\"http:\/\/www.cube521.lu\" target=\"_blank\" rel=\"noopener\">www.cube521.lu<\/a><\/p>\n<p><strong>Kulturhaus Niederanven<\/strong><br \/>\n145, route de Tr\u00e8ves<br \/>\nL-6940 Niederanven<br \/>\n(+352) 26 34 731<br \/>\n<a href=\"http:\/\/www.khn.lu\" target=\"_blank\" rel=\"noopener\">www.khn.lu<\/a><\/p>\n<p><strong>Mierscher Kulturhaus<\/strong><br \/>\n53, rue Grande-Duchesse Charlotte<br \/>\nL-7520 Mersch<br \/>\n(+352) 26 32 431<br \/>\n<a href=\"http:\/\/www.kulturhaus.lu\" target=\"_blank\" rel=\"noopener\">www.kulturhaus.lu<\/a><\/p>\n<p><strong>TROIS C-L \u2013 Centre de Cr\u00e9ation Chor\u00e9graphique Luxembourgeois<\/strong><br \/>\n12, rue du Puits<br \/>\nL-2355 Luxembourg-Bonnevoie<br \/>\n(+352) 40 45 69<br \/>\n<a href=\"http:\/\/www.danse.lu\" target=\"_blank\" rel=\"noopener\">www.danse.lu<\/a><\/p>\n<p><strong>Rotondes<\/strong><br \/>\nPlace des Rotondes<br \/>\nL-2448 Luxembourg<br \/>\n(+352) 2662 2007<br \/>\n<a href=\"http:\/\/www.rotondes.lu\" target=\"_blank\" rel=\"noopener\">www.rotondes.lu<\/a><\/p>\n<p><strong>Neim\u00ebnster \u2013 Centre Culturel de Rencontre Abbaye de Neum\u00fcnste<\/strong><br \/>\n28, rue M\u00fcnster<br \/>\nL-2160 Luxembourg<br \/>\n(+352) 26 20 521<br \/>\n<a href=\"http:\/\/www.neimenster.lu\" target=\"_blank\" rel=\"noopener\">www.neimenster.lu<\/a><\/p>\n<h2>Sale per concerti, arene e filarmoniche<\/h2>\n<p><strong>Ancien Cin\u00e9ma Caf\u00e9-Club<\/strong><br \/>\n23, Grand Rue<br \/>\nL-9410 Vianden<br \/>\nLuxembourg<br \/>\n(+352) 26.87.45.32<br \/>\n<a href=\"mailto:info@anciencinema.lu\">info@anciencinema.lu<\/a><br \/>\n<a href=\"http:\/\/www.anciencinema.lu\" target=\"_blank\" rel=\"noopener\">www.anciencinema.lu<\/a><\/p>\n<p><strong>Centre des Arts Pluriels Ed- Juncker CAPE<\/strong><br \/>\n1, place Marie-Ad\u00e9la\u00efde,<br \/>\nL-9063 Ettelbruck<br \/>\n(+352) 2681 2681<br \/>\n<a href=\"http:\/\/www.cape.lu\/fr\/\" target=\"_blank\" rel=\"noopener\">www.cape.lu<\/a><\/p>\n<p><strong>Casino 2OOO<\/strong><br \/>\nRue Th. Flammang<br \/>\nL &#8211; 5618 Mondorf-les-Bains<br \/>\n(+352) 23 611 213<br \/>\n<a href=\"mailto:info@casino2000.lu\">info@casino2000.lu<\/a><br \/>\n<a href=\"http:\/\/www.casino2000.lu\" target=\"_blank\" rel=\"noopener\">www.casino2000.lu<\/a><\/p>\n<p><strong>Cultural centre \u00ab Beim N\u00ebssert \u00bb<\/strong><br \/>\n14, rue de Schifflange<br \/>\nL-3316 Bergem Bergem<br \/>\n(+352) 55 05 74 68<\/p>\n<p><strong>Neim\u00ebnster \u2013 Centre Culturel de Rencontre Abbaye de Neum\u00fcnste<\/strong><br \/>\n28, rue M\u00fcnster<br \/>\nL-2160 Luxembourg<br \/>\n(+352) 26 20 521<br \/>\n<a href=\"http:\/\/www.neimenster.lu\" target=\"_blank\" rel=\"noopener\">www.neimenster.lu<\/a><\/p>\n<p><strong>Cube 521<\/strong><br \/>\n1-3, Driicht<br \/>\nL-9764 Marnach<br \/>\n(+ 352) 521 521<br \/>\n<a href=\"mailto:info@cube521.lu\">info@cube521.lu<\/a><br \/>\n<a href=\"http:\/\/www.cube521.lu\" target=\"_blank\" rel=\"noopener\">www.cube521.lu<\/a><\/p>\n<p><strong>De Gudde W\u00ebllen<\/strong><br \/>\n17 Rue du St Esprit<br \/>\nL-1475 Luxembourg<br \/>\n(+352) 26 20 28 86<br \/>\n<a href=\"mailto:info@deguddewellen.lu\">info@deguddewellen.lu<\/a><br \/>\n<a href=\"http:\/\/www.deguddewellen.lu\" target=\"_blank\" rel=\"noopener\">www.deguddewellen.lu<\/a><\/p>\n<p><strong>Den Atelier<\/strong><br \/>\n54, rue de Hollerich<br \/>\nLuxembourg-City<br \/>\n(+352) 495 485-1<br \/>\n<a href=\"mailto:info@atelier.lu\">info@atelier.lu<\/a><br \/>\n<a href=\"http:\/\/www.atelier.lu\" target=\"_blank\" rel=\"noopener\">www.atelier.lu<\/a><\/p>\n<p><strong>Kulturfabrik<\/strong><br \/>\n116, rue de Luxembourg<br \/>\nL-4221 Esch\/Alzette<br \/>\n(+352) 55 44 931<br \/>\n<a href=\"http:\/\/www.kulturfabrik.lu\" target=\"_blank\" rel=\"noopener\">www.kulturfabrik.lu<\/a><\/p>\n<p><strong>Jahbar<\/strong><br \/>\n19-21 Rue de Hollerich<br \/>\nL-1741 Luxembourg<br \/>\n(+352) 691 777 776<br \/>\njahbar.info@gmail.com<br \/>\n<a href=\"http:\/\/www.jahbar.lu\" target=\"_blank\" rel=\"noopener\">www.jahbar.lu<\/a><\/p>\n<p><strong>Kulturhaus Niederanven<\/strong><br \/>\n145, route de Tr\u00e8ves,<br \/>\nL-6940 Niederanven<br \/>\n(+352) 26 34 73 1<br \/>\n<a href=\"mailto:info@khn.lu\">info@khn.lu<\/a><br \/>\n<a href=\"http:\/\/www.khn.lu\" target=\"_blank\" rel=\"noopener\">www.khn.lu<\/a><\/p>\n<p><strong>Liquid<\/strong><br \/>\n15 &#8211; 17 Rue M\u00fcnster<br \/>\nL-2160 Luxembourg<br \/>\nLuxembourg<br \/>\n(+352) 22 44 55<br \/>\n<a href=\"http:\/\/liquid.canalblog.com\" target=\"_blank\" rel=\"noopener\">http:\/\/liquid.canalblog.com<\/a><\/p>\n<p><strong>Melusina<\/strong><br \/>\n145 r. de la Tour Jacob<br \/>\nL-1831 Luxembourg<br \/>\n(+352) 26 00 89 75<br \/>\n<a href=\"mailto:info@melusina.lu\">info@melusina.lu<\/a><br \/>\n<a href=\"http:\/\/www.melusina.lu\/contact\" target=\"_blank\" rel=\"noopener\">www.melusina.lu<\/a><\/p>\n<p><strong>Mierscher Kulturhaus<\/strong><br \/>\n53, rue G.-D. Charlotte<br \/>\nL-7520 Mersch<br \/>\n(+352) 26 32 43-1<br \/>\n<a href=\"mailto:info@kulturhaus.lu\">info@kulturhaus.lu<\/a><br \/>\n<a href=\"http:\/\/www.kulturhaus.lu\/fr\/7\/\" target=\"_blank\" rel=\"noopener\">www.kulturhaus.lu<\/a><\/p>\n<p><strong>Centre culturel r\u00e9gional de Dudelange Opderschmelz<\/strong><br \/>\n1a, rue du centenaire<br \/>\nL-3475 Dudelange<br \/>\n(+352) 51 61 21-290<br \/>\n<a href=\"mailto:culture@dudelange.lu\">culture@dudelange.lu<\/a><br \/>\n<a href=\"http:\/\/www.opderschmelz.lu\" target=\"_blank\" rel=\"noopener\">www.opderschmelz.lu<\/a><\/p>\n<p><strong>Philharmonie Luxembourg<\/strong><br \/>\n<strong>Etablissement public Salle de Concerts Grande-Duchesse Jos\u00e9phine-Charlotte<\/strong><br \/>\n1, place de l\u2019Europe<br \/>\nL-1499 Luxembourg<br \/>\n(+352) 26 02 27-1<br \/>\n<a href=\"mailto:info@philharmonie.lu\">info@philharmonie.lu<\/a><br \/>\n<a href=\"http:\/\/www.philharmonie.lu\" target=\"_blank\" rel=\"noopener\">www.philharmonie.lu<\/a><\/p>\n<p><strong>Rockbox Luxembourg<\/strong><br \/>\n3 Rives de Clausen<br \/>\nL-2165 \u2013 Luxembourg<br \/>\n(+352) 20 21 00 40<br \/>\n<a href=\"mailto:info@rockbox.lu\">info@rockbox.lu<\/a><br \/>\n<a href=\"https:\/\/rockbox.lu\/\" target=\"_blank\" rel=\"noopener\">https:\/\/rockbox.lu<\/a><\/p>\n<p><strong>Rockhal<\/strong><br \/>\n5, avenue du Rock&#8217;n&#8217;Roll<br \/>\nL-4361 Esch\/Alzette<br \/>\n(+352) 24 555 1<br \/>\n<a href=\"mailto:info@rockhal.lu\">info@rockhal.lu<\/a><br \/>\n<a href=\"http:\/\/www.rockhal.lu\" target=\"_blank\" rel=\"noopener\">www.rockhal.lu<\/a><\/p>\n<p><strong>Blues Club L\u00ebtzebuerg a.s.b.l.<\/strong><br \/>\nc\/o. Claude Hastert<br \/>\n19, rue des Sources<br \/>\nL-7334 Luxembourg<br \/>\n(+352) 33 28 95<br \/>\n<a href=\"mailto:info@bluesclub.lu\">info@bluesclub.lu<\/a><br \/>\n<a href=\"http:\/\/www.bluesclub.lu\" target=\"_blank\" rel=\"noopener\">www.bluesclub.lu<\/a><\/p>\n<p><strong>Trifolion Echternach a.s.b.l.<\/strong><br \/>\n2, Porte Saint Willibrord<br \/>\nL-6486 Echternach<br \/>\n(+352) 26 72 39-1<br \/>\n<a href=\"mailto:info@trifolion.lu\">info@trifolion.lu<\/a><br \/>\n<a href=\"http:\/\/trifolion.lu\" target=\"_blank\" rel=\"noopener\">http:\/\/trifolion.lu<\/a><\/p>\n<h2><\/h2>\n<h2>Cinema<\/h2>\n<p><strong>Ariston<\/strong><br \/>\nPlace du Brill &#8211; 9 Rue Pierre Claude<br \/>\nL-4063 Esch \/ Alzette<br \/>\n(+352) 54 18 29<br \/>\n<a href=\"http:\/\/www.caramba.lu\" target=\"_blank\" rel=\"noopener\">www.caramba.lu<\/a><\/p>\n<p><strong>Cin\u00e9 Ermesinde<\/strong><br \/>\n45, rue de la Gare<br \/>\nL-7590 Beringen<br \/>\n(+352) 26 56 02 771<br \/>\n<a href=\"http:\/\/www.caramba.lu\" target=\"_blank\" rel=\"noopener\">www.caramba.lu<\/a><\/p>\n<p><strong>Cin\u00e9 Utopia<\/strong><br \/>\n16, Avenue de la Fa\u00efencerie<br \/>\nL-1510 Luxembourg<br \/>\n(+352) 22 46 11<br \/>\n<a href=\"http:\/\/www.utopolis.lu\/\" target=\"_blank\" rel=\"noopener\">www.utopolis.lu<\/a><\/p>\n<p><strong>Cin\u00e9 Waasserhaus<\/strong><br \/>\nAvenue des Bains<br \/>\nL-5610 Mondorf-les-Bains<br \/>\n(+352) 57 57 58<br \/>\n<a href=\"http:\/\/www.caramba.lu\" target=\"_blank\" rel=\"noopener\">www.caramba.lu<\/a><\/p>\n<p><strong>Cin\u00e9maacher<\/strong><br \/>\nRoute de Tr\u00e8ves<br \/>\nL-6793 Grevenmacher<br \/>\n(+352) 26 74 64 1<br \/>\n<a href=\"http:\/\/www.utopolis.lu\" target=\"_blank\" rel=\"noopener\">www.utopolis.lu<\/a><\/p>\n<p><strong>Cin\u00e9math\u00e8que<\/strong><br \/>\n17, place du Th\u00e9\u00e2tre<br \/>\nL-2613 Luxembourg<br \/>\n(+352 47 96 26 44<br \/>\n<a href=\"http:\/\/www.cinematheque.lu\" target=\"_blank\" rel=\"noopener\">www.cinematheque.lu<\/a><\/p>\n<p><strong>Cin\u00e9starlight<\/strong><br \/>\n1b, rue du Centenaire<br \/>\nL-3475 Dudelange<br \/>\n(+352) 42 95 11 1<br \/>\n<a href=\"http:\/\/www.cna.public.lu\" target=\"_blank\" rel=\"noopener\">www.cna.public.lu<\/a><\/p>\n<p><strong>Kinosch<\/strong><br \/>\n114, route de Luxembourg<br \/>\nL-4221 Esch \/ Alzette<br \/>\n(+352) 26 55 15 05<\/p>\n<p><strong>Kursaal<\/strong><br \/>\n8, rue des Martyrs<br \/>\nL-3739 Rumelange<br \/>\n(+352) 57 57 58<br \/>\n<a href=\"http:\/\/www.caramba.lu\" target=\"_blank\" rel=\"noopener\">www.caramba.lu<\/a><\/p>\n<p><strong>Le Paris<\/strong><br \/>\n12, rue de la Gare<br \/>\nL-3236 Bettembourg<br \/>\n(+352) 52 02 49<br \/>\n<a href=\"http:\/\/www.leparis.lu\/\" target=\"_blank\" rel=\"noopener\">www.leparis.lu<\/a><\/p>\n<p><strong>Orion<\/strong><br \/>\n24, rue de la Gare<br \/>\nL-9907 Troisvierges<br \/>\n(+352) 97 81 32<br \/>\n<a href=\"http:\/\/www.utopolis.lu\/\" target=\"_blank\" rel=\"noopener\">www.utopolis.lu<\/a><\/p>\n<p><strong>Prabbeli<\/strong><br \/>\n8, rue de la Montagne<br \/>\nL-9539 Wiltz<br \/>\n(+352) 95 92 05 1<br \/>\n<a href=\"http:\/\/www.utopolis.lu\/\" target=\"_blank\" rel=\"noopener\">www.utopolis.lu<\/a><\/p>\n<p><strong>Scala<\/strong><br \/>\n31, rue Jean l&#8217;Aveugle<br \/>\nL-9208 Diekirch<br \/>\n(+352) 80 31 29<br \/>\n<a href=\"http:\/\/www.cinescala.lu\" target=\"_blank\" rel=\"noopener\">www.cinescala.lu<\/a><\/p>\n<p><strong>Sura<\/strong><br \/>\n18 rue de la Montagne<br \/>\nL-6470 Echternach<br \/>\n(+352) 72 88 78<br \/>\n<a href=\"http:\/\/www.cinesura.com\" target=\"_blank\" rel=\"noopener\">www.cinesura.com<\/a><\/p>\n<p><strong>Utopolis Belval<\/strong><br \/>\n7, avenue du Rock&#8217;n&#8217;Roll<br \/>\nL-40245 Esch-Belval<br \/>\n(+352) 26 57 20 1<br \/>\n<a href=\"http:\/\/www.cinebelval.lu\" target=\"_blank\" rel=\"noopener\">www.cinebelval.lu<\/a><\/p>\n<p><strong>Utopolis Luxembourg<\/strong><br \/>\n45, avenue J.F. Kennedy<br \/>\nL-1855 Luxembourg<br \/>\n(+352) 42 95 95<br \/>\n<a href=\"http:\/\/www.utopolis.lu\" target=\"_blank\" rel=\"noopener\">www.utopolis.lu<\/a><\/p>\n","protected":false},"excerpt":{"rendered":"<p>Portale ufficiale del Granducato www.luxembourg.public.lu Music:LX as.b.l. www.musiclx.lu Culture.lu www.culture.lu Kulturpass Cultur\u2019All &#8211; Kulturpass 10, rue Tony Bourg L-2014 Luxembourg (+352) 621 43 06 02 info@culturall.lu www.culturall.lu Principali teatri pubblici e privati Grand Th\u00e9\u00e2tre 1, Rond Point Schuman L-2525 Luxembourg (+352) 47 96 39 00 www.theatres.lu Th\u00e9\u00e2tre des Capucins 9, place du Th\u00e9\u00e2tre L-2613 Luxembourg <a class=\"more-link\" href=\"https:\/\/comites.lu\/web\/cultura\/\">&#8230;<\/a><\/p>\n","protected":false},"author":2,"featured_media":0,"parent":0,"menu_order":0,"comment_status":"closed","ping_status":"closed","template":"template-page-sidebar-right-header.php","meta":{"ngg_post_thumbnail":0,"footnotes":""},"_links":{"self":[{"href":"https:\/\/comites.lu\/web\/wp-json\/wp\/v2\/pages\/1918"}],"collection":[{"href":"https:\/\/comites.lu\/web\/wp-json\/wp\/v2\/pages"}],"about":[{"href":"https:\/\/comites.lu\/web\/wp-json\/wp\/v2\/types\/page"}],"author":[{"embeddable":true,"href":"https:\/\/comites.lu\/web\/wp-json\/wp\/v2\/users\/2"}],"replies":[{"embeddable":true,"href":"https:\/\/comites.lu\/web\/wp-json\/wp\/v2\/comments?post=1918"}],"version-history":[{"count":17,"href":"https:\/\/comites.lu\/web\/wp-json\/wp\/v2\/pages\/1918\/revisions"}],"predecessor-version":[{"id":5540,"href":"https:\/\/comites.lu\/web\/wp-json\/wp\/v2\/pages\/1918\/revisions\/5540"}],"wp:attachment":[{"href":"https:\/\/comites.lu\/web\/wp-json\/wp\/v2\/media?parent=1918"}],"curies":[{"name":"wp","href":"https:\/\/api.w.org\/{rel}","templated":true}]}}